{"id":1684,"date":"2025-03-31T20:38:24","date_gmt":"2025-03-31T18:38:24","guid":{"rendered":"https:\/\/vvdespuyt.nl\/?page_id=1684"},"modified":"2025-10-17T13:01:41","modified_gmt":"2025-10-17T11:01:41","slug":"lidmaatschap-opzeggen","status":"publish","type":"page","link":"https:\/\/vvdespuyt.nl\/nl\/over-ons\/lidmaatschap-opzeggen\/","title":{"rendered":"Lidmaatschap opzeggen"},"content":{"rendered":"<p>Wil je je afmelden bij de Spuyt?<\/p>\n<p>We vinden het jammer dat je vertrekt bij de Spuyt.<br \/>\nOm je lidmaatschap op te zeggen stuur je een E-mail naar onze secretaris via secretaris@vvdespuyt.nl<br \/>\nHet opzeggen van je lidmaatschap dient te gebeuren v\u00f3\u00f3r 1 juli of v\u00f3\u00f3r 1 januari. Na deze datum wordt het lidmaatschap automatisch met een half jaar verlengd en is er dus ook contributie verschuldigd. Het is niet voldoende om je afmelding alleen aan je TC-contactpersoon of aan de trainer\/coach door te geven. Het volstaat ook niet om je vertrek in de gebruikelijke enqu\u00eate aan te geven. Om administratieve redenen wordt de contributie aan het begin van het seizoen ge\u00efnd en wordt bij opzegging de tweede helft van de contributie gerestitueerd.<\/p>","protected":false},"excerpt":{"rendered":"<p>Wil je je afmelden bij de Spuyt? We vinden het jammer dat je vertrekt bij de Spuyt. Om je lidmaatschap op te zeggen stuur je een E-mail naar onze secretaris via secretaris@vvdespuyt.nl Het opzeggen van je lidmaatschap dient te gebeuren v\u00f3\u00f3r 1 juli of v\u00f3\u00f3r 1 januari. Na deze datum wordt het lidmaatschap automatisch met een half jaar verlengd en is er dus ook contributie verschuldigd. Het is niet voldoende om je afmelding alleen aan je TC-contactpersoon of aan de <a class=\"read-more\" href=\"https:\/\/vvdespuyt.nl\/nl\/over-ons\/lidmaatschap-opzeggen\/\">Meer<\/a><\/p>\n","protected":false},"author":13,"featured_media":0,"parent":11,"menu_order":0,"comment_status":"closed","ping_status":"closed","template":"","meta":{"footnotes":""},"class_list":["post-1684","page","type-page","status-publish","hentry","list-style-post"],"_links":{"self":[{"href":"https:\/\/vvdespuyt.nl\/nl\/wp-json\/wp\/v2\/pages\/1684","targetHints":{"allow":["GET"]}}],"collection":[{"href":"https:\/\/vvdespuyt.nl\/nl\/wp-json\/wp\/v2\/pages"}],"about":[{"href":"https:\/\/vvdespuyt.nl\/nl\/wp-json\/wp\/v2\/types\/page"}],"author":[{"embeddable":true,"href":"https:\/\/vvdespuyt.nl\/nl\/wp-json\/wp\/v2\/users\/13"}],"replies":[{"embeddable":true,"href":"https:\/\/vvdespuyt.nl\/nl\/wp-json\/wp\/v2\/comments?post=1684"}],"version-history":[{"count":2,"href":"https:\/\/vvdespuyt.nl\/nl\/wp-json\/wp\/v2\/pages\/1684\/revisions"}],"predecessor-version":[{"id":1694,"href":"https:\/\/vvdespuyt.nl\/nl\/wp-json\/wp\/v2\/pages\/1684\/revisions\/1694"}],"up":[{"embeddable":true,"href":"https:\/\/vvdespuyt.nl\/nl\/wp-json\/wp\/v2\/pages\/11"}],"wp:attachment":[{"href":"https:\/\/vvdespuyt.nl\/nl\/wp-json\/wp\/v2\/media?parent=1684"}],"curies":[{"name":"wp","href":"https:\/\/api.w.org\/{rel}","templated":true}]}}